{"id":445,"date":"2024-11-07T05:20:33","date_gmt":"2024-11-07T05:20:33","guid":{"rendered":"https:\/\/qualider.com\/?post_type=product&#038;p=445"},"modified":"2025-05-16T23:14:32","modified_gmt":"2025-05-16T20:14:32","slug":"operatyviniai-planai","status":"publish","type":"product","link":"https:\/\/qualider.com\/lt\/produktas\/operatyviniai-planai\/","title":{"rendered":"Operatyviniai planai"},"content":{"rendered":"<p>Teikiame pagalb\u0105 rengiant ir \u012fgyvendinant operatyvinius planus, skirtus veiksmingai reaguoti \u012f \u012fvairias gr\u0117smes ir situacijas. M\u016bs\u0173 ekspertai padeda kurti i\u0161samias strategijas, u\u017etikrinan\u010dias greitus ir koordinuotus veiksmus, kad b\u016bt\u0173 veiksmingai sprend\u017eiami i\u0161\u0161\u016bkiai ir u\u017etikrinamas \u012fmoni\u0173 ir organizacij\u0173 saugumas.<\/p>","protected":false},"excerpt":{"rendered":"<p>Pagalba rengiant ir \u012fgyvendinant operatyvinius planus, siekiant u\u017etikrinti greit\u0105 ir veiksming\u0105 reagavim\u0105 \u012f gr\u0117smes.<\/p>","protected":false},"featured_media":972,"comment_status":"open","ping_status":"closed","template":"","meta":[],"product_brand":[],"product_cat":[24,25,32],"product_tag":[],"class_list":{"0":"post-445","1":"product","2":"type-product","3":"status-publish","4":"has-post-thumbnail","6":"product_cat-ai-training","7":"product_cat-eu","8":"product_cat-services","10":"first","11":"instock","12":"virtual","13":"sold-individually","14":"taxable","15":"purchasable","16":"product-type-simple"},"_links":{"self":[{"href":"https:\/\/qualider.com\/lt\/wp-json\/wp\/v2\/product\/445","targetHints":{"allow":["GET"]}}],"collection":[{"href":"https:\/\/qualider.com\/lt\/wp-json\/wp\/v2\/product"}],"about":[{"href":"https:\/\/qualider.com\/lt\/wp-json\/wp\/v2\/types\/product"}],"replies":[{"embeddable":true,"href":"https:\/\/qualider.com\/lt\/wp-json\/wp\/v2\/comments?post=445"}],"version-history":[{"count":0,"href":"https:\/\/qualider.com\/lt\/wp-json\/wp\/v2\/product\/445\/revisions"}],"wp:featuredmedia":[{"embeddable":true,"href":"https:\/\/qualider.com\/lt\/wp-json\/wp\/v2\/media\/972"}],"wp:attachment":[{"href":"https:\/\/qualider.com\/lt\/wp-json\/wp\/v2\/media?parent=445"}],"wp:term":[{"taxonomy":"product_brand","embeddable":true,"href":"https:\/\/qualider.com\/lt\/wp-json\/wp\/v2\/product_brand?post=445"},{"taxonomy":"product_cat","embeddable":true,"href":"https:\/\/qualider.com\/lt\/wp-json\/wp\/v2\/product_cat?post=445"},{"taxonomy":"product_tag","embeddable":true,"href":"https:\/\/qualider.com\/lt\/wp-json\/wp\/v2\/product_tag?post=445"}],"curies":[{"name":"wp","href":"https:\/\/api.w.org\/{rel}","templated":true}]}}