{"id":394,"date":"2024-10-29T07:10:34","date_gmt":"2024-10-29T07:10:34","guid":{"rendered":"https:\/\/qualider.com\/?post_type=product&#038;p=394"},"modified":"2025-05-16T23:15:30","modified_gmt":"2025-05-16T20:15:30","slug":"unlock-your-potential-with-our-eu-ai-training-course","status":"publish","type":"product","link":"https:\/\/qualider.com\/lt\/produktas\/unlock-your-potential-with-our-eu-ai-training-course\/","title":{"rendered":"Esam\u0173 saugumo rizik\u0173 \u012fvertinimas"},"content":{"rendered":"<p>Esam\u0173 saugumo rizik\u0173 \u012fvertinimas \u2013 tai paslauga, skirta identifikuoti ir analizuoti j\u016bs\u0173 organizacijos saugumo gr\u0117smes ir spragas. Teikiame visapusi\u0161k\u0105 konfidencialios informacijos saugojimo ir dalijimosi strategij\u0173 vertinim\u0105 bei pritaikome praktines priemones, kurios u\u017etikrina didesn\u012f informacijos apsaugos lyg\u012f. M\u016bs\u0173 ekspert\u0173 konsultacijos pad\u0117s i\u0161siai\u0161kinti esamus pavojus, suma\u017einti rizikas ir sukurti patikimas saugumo priemones, kurios apsaugo jautri\u0105 informacij\u0105 ir prisideda prie organizacijos veiklos t\u0119stinumo.<\/p>","protected":false},"excerpt":{"rendered":"<p>INFORMACIJOS APSAUGA \u2013 Konfidencialios informacijos saugojimas ir dalijimasis<\/p>","protected":false},"featured_media":975,"comment_status":"open","ping_status":"closed","template":"","meta":[],"product_brand":[],"product_cat":[24,25,32],"product_tag":[27],"class_list":{"0":"post-394","1":"product","2":"type-product","3":"status-publish","4":"has-post-thumbnail","6":"product_cat-ai-training","7":"product_cat-eu","8":"product_cat-services","9":"product_tag-training","11":"first","12":"instock","13":"virtual","14":"sold-individually","15":"taxable","16":"purchasable","17":"product-type-simple"},"_links":{"self":[{"href":"https:\/\/qualider.com\/lt\/wp-json\/wp\/v2\/product\/394","targetHints":{"allow":["GET"]}}],"collection":[{"href":"https:\/\/qualider.com\/lt\/wp-json\/wp\/v2\/product"}],"about":[{"href":"https:\/\/qualider.com\/lt\/wp-json\/wp\/v2\/types\/product"}],"replies":[{"embeddable":true,"href":"https:\/\/qualider.com\/lt\/wp-json\/wp\/v2\/comments?post=394"}],"version-history":[{"count":0,"href":"https:\/\/qualider.com\/lt\/wp-json\/wp\/v2\/product\/394\/revisions"}],"wp:featuredmedia":[{"embeddable":true,"href":"https:\/\/qualider.com\/lt\/wp-json\/wp\/v2\/media\/975"}],"wp:attachment":[{"href":"https:\/\/qualider.com\/lt\/wp-json\/wp\/v2\/media?parent=394"}],"wp:term":[{"taxonomy":"product_brand","embeddable":true,"href":"https:\/\/qualider.com\/lt\/wp-json\/wp\/v2\/product_brand?post=394"},{"taxonomy":"product_cat","embeddable":true,"href":"https:\/\/qualider.com\/lt\/wp-json\/wp\/v2\/product_cat?post=394"},{"taxonomy":"product_tag","embeddable":true,"href":"https:\/\/qualider.com\/lt\/wp-json\/wp\/v2\/product_tag?post=394"}],"curies":[{"name":"wp","href":"https:\/\/api.w.org\/{rel}","templated":true}]}}