{"id":393,"date":"2024-10-29T07:08:52","date_gmt":"2024-10-29T07:08:52","guid":{"rendered":"https:\/\/qualider.com\/?post_type=product&#038;p=393"},"modified":"2025-05-16T23:16:11","modified_gmt":"2025-05-16T20:16:11","slug":"patirkite-patobulinta-mokymasi-naudodami-eu-training-product-3-paremta-ai","status":"publish","type":"product","link":"https:\/\/qualider.com\/lt\/produktas\/patirkite-patobulinta-mokymasi-naudodami-eu-training-product-3-paremta-ai\/","title":{"rendered":"Vie\u0161\u016bj\u0173 erdvi\u0173 saugumo konsultacijos"},"content":{"rendered":"<p>M\u016bs\u0173 vie\u0161\u0173j\u0173 erdvi\u0173 saugumo konsultacijos skirtos u\u017etikrinti saugum\u0105 vie\u0161ose vietose, tokiose kaip vie\u0161bu\u010diai, muziejai, koncert\u0173 ar konferencij\u0173 erdv\u0117s. Atliekame i\u0161sam\u0173 saugumo rizik\u0173 \u012fvertinim\u0105 ir teikiame rekomendacijas, siekiant u\u017etikrinti saugum\u0105 rengini\u0173 metu, ypa\u010d esant ypatingai svarbi\u0173 sve\u010di\u0173 ar dideli\u0173 grupi\u0173 vizitams. M\u016bs\u0173 konsultacijos padeda pasirengti galimoms gr\u0117sm\u0117ms ir u\u017etikrina skland\u017ei\u0105 renginio eig\u0105.<\/p>","protected":false},"excerpt":{"rendered":"<p>\u012evertiname vie\u0161\u0173j\u0173 erdvi\u0173 saugum\u0105 (vie\u0161bu\u010diai, muziejai ir kt.) ir pateikiame rekomendacijas, skirtas dideliems renginiams ar ypating\u0173 sve\u010di\u0173 vizitams.<\/p>","protected":false},"featured_media":974,"comment_status":"open","ping_status":"closed","template":"","meta":[],"product_brand":[],"product_cat":[24,32],"product_tag":[26,28,27],"class_list":{"0":"post-393","1":"product","2":"type-product","3":"status-publish","4":"has-post-thumbnail","6":"product_cat-ai-training","7":"product_cat-services","8":"product_tag-ai","9":"product_tag-eu","10":"product_tag-training","12":"first","13":"instock","14":"virtual","15":"sold-individually","16":"taxable","17":"purchasable","18":"product-type-simple"},"_links":{"self":[{"href":"https:\/\/qualider.com\/lt\/wp-json\/wp\/v2\/product\/393","targetHints":{"allow":["GET"]}}],"collection":[{"href":"https:\/\/qualider.com\/lt\/wp-json\/wp\/v2\/product"}],"about":[{"href":"https:\/\/qualider.com\/lt\/wp-json\/wp\/v2\/types\/product"}],"replies":[{"embeddable":true,"href":"https:\/\/qualider.com\/lt\/wp-json\/wp\/v2\/comments?post=393"}],"version-history":[{"count":1,"href":"https:\/\/qualider.com\/lt\/wp-json\/wp\/v2\/product\/393\/revisions"}],"predecessor-version":[{"id":684,"href":"https:\/\/qualider.com\/lt\/wp-json\/wp\/v2\/product\/393\/revisions\/684"}],"wp:featuredmedia":[{"embeddable":true,"href":"https:\/\/qualider.com\/lt\/wp-json\/wp\/v2\/media\/974"}],"wp:attachment":[{"href":"https:\/\/qualider.com\/lt\/wp-json\/wp\/v2\/media?parent=393"}],"wp:term":[{"taxonomy":"product_brand","embeddable":true,"href":"https:\/\/qualider.com\/lt\/wp-json\/wp\/v2\/product_brand?post=393"},{"taxonomy":"product_cat","embeddable":true,"href":"https:\/\/qualider.com\/lt\/wp-json\/wp\/v2\/product_cat?post=393"},{"taxonomy":"product_tag","embeddable":true,"href":"https:\/\/qualider.com\/lt\/wp-json\/wp\/v2\/product_tag?post=393"}],"curies":[{"name":"wp","href":"https:\/\/api.w.org\/{rel}","templated":true}]}}