{"id":392,"date":"2024-10-29T07:07:15","date_gmt":"2024-10-29T07:07:15","guid":{"rendered":"https:\/\/qualider.com\/?post_type=product&#038;p=392"},"modified":"2025-05-16T23:16:30","modified_gmt":"2025-05-16T20:16:30","slug":"patobulinkite-savo-igudzius-dalyvaudami-musu-es-projektu-ai-mokymo-kursuose","status":"publish","type":"product","link":"https:\/\/qualider.com\/lt\/produktas\/patobulinkite-savo-igudzius-dalyvaudami-musu-es-projektu-ai-mokymo-kursuose\/","title":{"rendered":"Mokymai ir seminarai \u012fmoni\u0173 saugumo tema"},"content":{"rendered":"<p>Teikiame profesionalius saugumo mokymus ir seminarus \u012fmon\u0117ms, apiman\u010dius civilin\u0119 ir karin\u0119 saug\u0105. M\u016bs\u0173 mokymai skirti pad\u0117ti organizacijoms u\u017etikrinti darbuotoj\u0173 saugum\u0105, stiprinti atsparum\u0105 \u012fvairioms gr\u0117sm\u0117ms ir gerinti saugumo praktik\u0105. Baigus mokymus, i\u0161duodami diplomai, patvirtinantys \u012fgytas \u017einias ir geb\u0117jimus \u0161ioje srityje.<\/p>","protected":false},"excerpt":{"rendered":"<p>Vykdome saugumo mokymus ir seminarus, i\u0161duodame diplomus apie praeitus mokymus, apiman\u010dius civilin\u0119 ir karin\u0119 saug\u0105.<\/p>","protected":false},"featured_media":977,"comment_status":"open","ping_status":"closed","template":"","meta":[],"product_brand":[],"product_cat":[24,25,32],"product_tag":[26,28],"class_list":{"0":"post-392","1":"product","2":"type-product","3":"status-publish","4":"has-post-thumbnail","6":"product_cat-ai-training","7":"product_cat-eu","8":"product_cat-services","9":"product_tag-ai","10":"product_tag-eu","12":"first","13":"instock","14":"virtual","15":"sold-individually","16":"taxable","17":"purchasable","18":"product-type-simple"},"_links":{"self":[{"href":"https:\/\/qualider.com\/lt\/wp-json\/wp\/v2\/product\/392","targetHints":{"allow":["GET"]}}],"collection":[{"href":"https:\/\/qualider.com\/lt\/wp-json\/wp\/v2\/product"}],"about":[{"href":"https:\/\/qualider.com\/lt\/wp-json\/wp\/v2\/types\/product"}],"replies":[{"embeddable":true,"href":"https:\/\/qualider.com\/lt\/wp-json\/wp\/v2\/comments?post=392"}],"version-history":[{"count":1,"href":"https:\/\/qualider.com\/lt\/wp-json\/wp\/v2\/product\/392\/revisions"}],"predecessor-version":[{"id":444,"href":"https:\/\/qualider.com\/lt\/wp-json\/wp\/v2\/product\/392\/revisions\/444"}],"wp:featuredmedia":[{"embeddable":true,"href":"https:\/\/qualider.com\/lt\/wp-json\/wp\/v2\/media\/977"}],"wp:attachment":[{"href":"https:\/\/qualider.com\/lt\/wp-json\/wp\/v2\/media?parent=392"}],"wp:term":[{"taxonomy":"product_brand","embeddable":true,"href":"https:\/\/qualider.com\/lt\/wp-json\/wp\/v2\/product_brand?post=392"},{"taxonomy":"product_cat","embeddable":true,"href":"https:\/\/qualider.com\/lt\/wp-json\/wp\/v2\/product_cat?post=392"},{"taxonomy":"product_tag","embeddable":true,"href":"https:\/\/qualider.com\/lt\/wp-json\/wp\/v2\/product_tag?post=392"}],"curies":[{"name":"wp","href":"https:\/\/api.w.org\/{rel}","templated":true}]}}