{"id":391,"date":"2024-10-29T07:05:18","date_gmt":"2024-10-29T07:05:18","guid":{"rendered":"https:\/\/qualider.com\/?post_type=product&#038;p=391"},"modified":"2025-05-16T23:16:50","modified_gmt":"2025-05-16T20:16:50","slug":"transform-your-skills-with-comprehensive-ai-training-services","status":"publish","type":"product","link":"https:\/\/qualider.com\/lt\/produktas\/transform-your-skills-with-comprehensive-ai-training-services\/","title":{"rendered":"Technologij\u0173 vertinimas"},"content":{"rendered":"<p>Teikiame konsultacijas d\u0117l naujausi\u0173 gynybos technologij\u0173 vertinimo ir j\u0173 integravimo \u012f organizacijos sistemas. M\u016bs\u0173 ekspertai pad\u0117s \u012fvertinti esamas technologijas, pasitelkiant pa\u017eangiausius sprendimus, kad u\u017etikrintume efektyv\u0173 gynybos priemoni\u0173 panaudojim\u0105 ir prisid\u0117tume prie organizacijos saugumo stiprinimo. Pateikiame i\u0161samius vertinimus ir rekomendacijas d\u0117l naujausi\u0173 technologini\u0173 inovacij\u0173.<\/p>","protected":false},"excerpt":{"rendered":"<p>Konsultacijos d\u0117l naujausi\u0173 gynybos technologij\u0173 vertinimo ir j\u0173 integravimo \u012f organizacijos sistemas.<\/p>","protected":false},"featured_media":976,"comment_status":"open","ping_status":"closed","template":"","meta":[],"product_brand":[],"product_cat":[24,25,32],"product_tag":[26,28,27],"class_list":{"0":"post-391","1":"product","2":"type-product","3":"status-publish","4":"has-post-thumbnail","6":"product_cat-ai-training","7":"product_cat-eu","8":"product_cat-services","9":"product_tag-ai","10":"product_tag-eu","11":"product_tag-training","13":"first","14":"instock","15":"virtual","16":"sold-individually","17":"taxable","18":"purchasable","19":"product-type-simple"},"_links":{"self":[{"href":"https:\/\/qualider.com\/lt\/wp-json\/wp\/v2\/product\/391","targetHints":{"allow":["GET"]}}],"collection":[{"href":"https:\/\/qualider.com\/lt\/wp-json\/wp\/v2\/product"}],"about":[{"href":"https:\/\/qualider.com\/lt\/wp-json\/wp\/v2\/types\/product"}],"replies":[{"embeddable":true,"href":"https:\/\/qualider.com\/lt\/wp-json\/wp\/v2\/comments?post=391"}],"version-history":[{"count":0,"href":"https:\/\/qualider.com\/lt\/wp-json\/wp\/v2\/product\/391\/revisions"}],"wp:featuredmedia":[{"embeddable":true,"href":"https:\/\/qualider.com\/lt\/wp-json\/wp\/v2\/media\/976"}],"wp:attachment":[{"href":"https:\/\/qualider.com\/lt\/wp-json\/wp\/v2\/media?parent=391"}],"wp:term":[{"taxonomy":"product_brand","embeddable":true,"href":"https:\/\/qualider.com\/lt\/wp-json\/wp\/v2\/product_brand?post=391"},{"taxonomy":"product_cat","embeddable":true,"href":"https:\/\/qualider.com\/lt\/wp-json\/wp\/v2\/product_cat?post=391"},{"taxonomy":"product_tag","embeddable":true,"href":"https:\/\/qualider.com\/lt\/wp-json\/wp\/v2\/product_tag?post=391"}],"curies":[{"name":"wp","href":"https:\/\/api.w.org\/{rel}","templated":true}]}}