{"id":811,"date":"2025-05-14T12:29:15","date_gmt":"2025-05-14T09:29:15","guid":{"rendered":"https:\/\/qualider.com\/?page_id=811"},"modified":"2025-05-19T23:55:23","modified_gmt":"2025-05-19T20:55:23","slug":"cookie-policy","status":"publish","type":"page","link":"https:\/\/qualider.com\/lt\/cookie-policy\/","title":{"rendered":"Slapuk\u0173 politika"},"content":{"rendered":"<div data-elementor-type=\"wp-page\" data-elementor-id=\"811\" class=\"elementor elementor-811\" data-elementor-post-type=\"page\">\n\t\t\t\t\t\t<section class=\"elementor-section elementor-top-section elementor-element elementor-element-bab672b elementor-section-full_width elementor-section-height-default elementor-section-height-default\" data-id=\"bab672b\" data-element_type=\"section\">\n\t\t\t\t\t\t<div class=\"elementor-container elementor-column-gap-default\">\n\t\t\t\t\t<div class=\"elementor-column elementor-col-100 elementor-top-column elementor-element elementor-element-69af370\" data-id=\"69af370\" data-element_type=\"column\">\n\t\t\t<div class=\"elementor-widget-wrap elementor-element-populated\">\n\t\t\t\t\t\t<div class=\"elementor-element elementor-element-9535d55 elementor-widget elementor-widget-heading\" data-id=\"9535d55\" data-element_type=\"widget\" data-widget_type=\"heading.default\">\n\t\t\t\t<div class=\"elementor-widget-container\">\n\t\t\t\t\t<h2 class=\"elementor-heading-title elementor-size-default\">DAUGIAU APIE M\u016aS\u0172 NAUDOJAMUS SLAPUKUS<\/h2>\t\t\t\t<\/div>\n\t\t\t\t<\/div>\n\t\t\t\t\t<\/div>\n\t\t<\/div>\n\t\t\t\t\t<\/div>\n\t\t<\/section>\n\t\t\t\t<section class=\"elementor-section elementor-top-section elementor-element elementor-element-0bad20c elementor-section-boxed elementor-section-height-default elementor-section-height-default\" data-id=\"0bad20c\" data-element_type=\"section\">\n\t\t\t\t\t\t<div class=\"elementor-container elementor-column-gap-default\">\n\t\t\t\t\t<div class=\"elementor-column elementor-col-100 elementor-top-column elementor-element elementor-element-039224c\" data-id=\"039224c\" data-element_type=\"column\">\n\t\t\t<div class=\"elementor-widget-wrap elementor-element-populated\">\n\t\t\t\t\t\t<div class=\"elementor-element elementor-element-fa0eaae elementor-widget elementor-widget-html\" data-id=\"fa0eaae\" data-element_type=\"widget\" data-widget_type=\"html.default\">\n\t\t\t\t<div class=\"elementor-widget-container\">\n\t\t\t\t\t<style>\n    a.cky-banner-element {\n        padding: 8px 30px;\n        background: #F8F9FA;\n        color: #858A8F;\n        border: 1px solid #DEE2E6;\n        box-sizing: border-box;\n        border-radius: 2px;\n        cursor: pointer;\n}\n<\/style>\n\n<p>\n    \u012esigaliojimo data 2025 m. gegu\u017e\u0117s 01 d. <br>\n    Paskutin\u012f kart\u0105 atnaujinta 2025 m. gegu\u017e\u0117s 01 d.\n<\/p>\n\n&nbsp;\n<h2>Kas yra slapukai?<\/h2>\n<div class=\"cookie-policy-p\"><p>\u0160ioje slapuk\u0173 politikoje paai\u0161kinama, kas yra slapukai ir kaip juos naudojame, kokius slapuk\u0173 tipus naudojame, t. y. koki\u0105 informacij\u0105 renkame naudodami slapukus ir kaip ji naudojama, taip pat kaip tvarkyti slapuk\u0173 nustatymus.<\/p> <p>Slapukai - tai nedideli tekstiniai failai, kuriuose saugoma nedidel\u0117 informacija. Jie i\u0161saugomi j\u016bs\u0173 \u012frenginyje, kai svetain\u0117 \u012fkeliama \u012f nar\u0161ykl\u0119. \u0160ie slapukai padeda mums u\u017etikrinti, kad svetain\u0117 tinkamai veikt\u0173, b\u016bt\u0173 saugesn\u0117, u\u017etikrint\u0173 geresn\u0119 naudotoj\u0173 patirt\u012f, pad\u0117t\u0173 suprasti, kaip svetain\u0117 veikia, ir analizuoti, kas veikia ir kur j\u0105 reikia tobulinti.<\/p><\/div>\n\n&nbsp;\n<h2>Kaip naudojame slapukus?<\/h2>\n<div class=\"cookie-policy-p\"><p>Kaip ir dauguma internetini\u0173 paslaug\u0173, m\u016bs\u0173 svetain\u0117 naudoja pirmosios ir tre\u010diosios \u0161alies slapukus keliais tikslais. Pirmosios \u0161alies slapukai da\u017eniausiai reikalingi tam, kad svetain\u0117 tinkamai veikt\u0173, ir jie nerenka joki\u0173 j\u016bs\u0173 asmenini\u0173 duomen\u0173.<\/p> <p>Tre\u010di\u0173j\u0173 \u0161ali\u0173 slapukai, naudojami m\u016bs\u0173 svetain\u0117je, daugiausia skirti suprasti, kaip veikia svetain\u0117, kaip s\u0105veikaujate su m\u016bs\u0173 svetaine, u\u017etikrinti m\u016bs\u0173 paslaug\u0173 saugum\u0105, pateikti jums aktuali\u0105 reklam\u0105 ir apskritai suteikti jums geresn\u0119 ir tobulesn\u0119 naudotojo patirt\u012f bei pagreitinti j\u016bs\u0173 b\u016bsim\u0105 s\u0105veik\u0105 su m\u016bs\u0173 svetaine.<\/p><\/div>\n\n&nbsp;\n    <h2>Naudojami slapukai<\/h2>\n\n    <div class=\"cky-audit-table-element\"><\/div>\n\n&nbsp;\n    <h5 style=\"margin-bottom:20px;\">Tvarkyti slapuk\u0173 nuostatas<\/h5>\n\n    <a class=\"cky-banner-element\">Slapuk\u0173 nustatymai<\/a> <br\/>\n<br>\n    <div><p>Slapuk\u0173 nuostatas galite bet kada pakeisti spustel\u0117j\u0119 auk\u0161\u010diau esant\u012f mygtuk\u0105. Taip gal\u0117site i\u0161 naujo apsilankyti slapuk\u0173 sutikimo baneryje ir pakeisti savo nuostatas arba i\u0161 karto at\u0161aukti savo sutikim\u0105. <\/p> <p>Be to, skirtingose nar\u0161ykl\u0117se pateikiami skirtingi b\u016bdai, kaip blokuoti ir i\u0161trinti svetaini\u0173 naudojamus slapukus. Galite pakeisti savo nar\u0161ykl\u0117s nustatymus, kad gal\u0117tum\u0117te blokuoti ir (arba) i\u0161trinti slapukus. Toliau pateikiamos nuorodos \u012f pagalbinius dokumentus, kuriuose nurodoma, kaip valdyti ir i\u0161trinti slapukus i\u0161 pagrindini\u0173 interneto nar\u0161ykli\u0173.<\/p> <p>\"Chrome\": <a target=\"_blank\" href=\"https:\/\/support.google.com\/accounts\/answer\/32050\">https:\/\/support.google.com\/accounts\/answer\/32050<\/a><\/p><p>Safaris: <a target=\"_blank\" href=\"https:\/\/support.apple.com\/en-in\/guide\/safari\/sfri11471\/mac\">https:\/\/support.apple.com\/en-in\/guide\/safari\/sfri11471\/mac<\/a><\/p><p>\"Firefox\": <a target=\"_blank\" href=\"https:\/\/support.mozilla.org\/en-US\/kb\/clear-cookies-and-site-data-firefox?redirectslug=delete-cookies-remove-info-websites-stored&redirectlocale=en-US\">https:\/\/support.mozilla.org\/en-US\/kb\/clear-cookies-and-site-data-firefox?redirectslug=delete-cookies-remove-info-websites-stored&redirectlocale=en-US<\/a><\/p><p>\"Internet Explorer\": <a target=\"_blank\" href=\"https:\/\/support.microsoft.com\/en-us\/topic\/how-to-delete-cookie-files-in-internet-explorer-bca9446f-d873-78de-77ba-d42645fa52fc\">https:\/\/support.microsoft.com\/en-us\/topic\/how-to-delete-cookie-files-in-internet-explorer-bca9446f-d873-78de-77ba-d42645fa52fc<\/a><\/p><p>Jei naudojate kit\u0105 interneto nar\u0161ykl\u0119, apsilankykite oficialiuose nar\u0161ykl\u0117s palaikymo dokumentuose.<\/p><\/div>\n\n\n&nbsp;\n\t\t\t\t<\/div>\n\t\t\t\t<\/div>\n\t\t\t\t\t<\/div>\n\t\t<\/div>\n\t\t\t\t\t<\/div>\n\t\t<\/section>\n\t\t\t\t<\/div>","protected":false},"excerpt":{"rendered":"<p>DAUGIAU APIE NAUDOJAMUS SLAPTA\u017dOD\u017dIUS \u012esigaliojimo data 2025 m. gegu\u017e\u0117s 01 d. Paskutinio atnaujinimo data 2025 m. gegu\u017e\u0117s 01 d. Kas yra slapukai? \u0160ioje slapuk\u0173 politikoje paai\u0161kinama, kas yra slapukai ir kaip juos naudojame, kokius slapuk\u0173 tipus naudojame, t. y. koki\u0105 informacij\u0105 renkame naudodami slapukus ir kaip ji naudojama, taip pat paai\u0161kinama, kaip tvarkyti [...]<\/p>","protected":false},"author":2,"featured_media":0,"parent":0,"menu_order":0,"comment_status":"closed","ping_status":"closed","template":"","meta":{"footnotes":""},"class_list":["post-811","page","type-page","status-publish","hentry"],"_links":{"self":[{"href":"https:\/\/qualider.com\/lt\/wp-json\/wp\/v2\/pages\/811","targetHints":{"allow":["GET"]}}],"collection":[{"href":"https:\/\/qualider.com\/lt\/wp-json\/wp\/v2\/pages"}],"about":[{"href":"https:\/\/qualider.com\/lt\/wp-json\/wp\/v2\/types\/page"}],"author":[{"embeddable":true,"href":"https:\/\/qualider.com\/lt\/wp-json\/wp\/v2\/users\/2"}],"replies":[{"embeddable":true,"href":"https:\/\/qualider.com\/lt\/wp-json\/wp\/v2\/comments?post=811"}],"version-history":[{"count":16,"href":"https:\/\/qualider.com\/lt\/wp-json\/wp\/v2\/pages\/811\/revisions"}],"predecessor-version":[{"id":1200,"href":"https:\/\/qualider.com\/lt\/wp-json\/wp\/v2\/pages\/811\/revisions\/1200"}],"wp:attachment":[{"href":"https:\/\/qualider.com\/lt\/wp-json\/wp\/v2\/media?parent=811"}],"curies":[{"name":"wp","href":"https:\/\/api.w.org\/{rel}","templated":true}]}}