{"id":685,"date":"2025-01-20T08:35:09","date_gmt":"2025-01-20T08:35:09","guid":{"rendered":"https:\/\/qualider.com\/?page_id=685"},"modified":"2025-12-02T21:36:39","modified_gmt":"2025-12-02T19:36:39","slug":"es-projects","status":"publish","type":"page","link":"https:\/\/qualider.com\/lt\/es-projects\/","title":{"rendered":"ES projektai"},"content":{"rendered":"<div data-elementor-type=\"wp-page\" data-elementor-id=\"685\" class=\"elementor elementor-685\" data-elementor-post-type=\"page\">\n\t\t\t\t\t\t<section class=\"elementor-section elementor-top-section elementor-element elementor-element-37e2643 elementor-section-full_width elementor-section-height-default elementor-section-height-default elementor-invisible\" data-id=\"37e2643\" data-element_type=\"section\" data-settings=\"{&quot;background_background&quot;:&quot;classic&quot;,&quot;animation&quot;:&quot;slideInUp&quot;}\">\n\t\t\t\t\t\t<div class=\"elementor-container elementor-column-gap-default\">\n\t\t\t\t\t<div class=\"elementor-column elementor-col-50 elementor-top-column elementor-element elementor-element-95b7272\" data-id=\"95b7272\" data-element_type=\"column\">\n\t\t\t<div class=\"elementor-widget-wrap elementor-element-populated\">\n\t\t\t\t\t\t<div class=\"elementor-element elementor-element-19e05b7 elementor-widget elementor-widget-heading\" data-id=\"19e05b7\" data-element_type=\"widget\" data-widget_type=\"heading.default\">\n\t\t\t\t<div class=\"elementor-widget-container\">\n\t\t\t\t\t<h2 class=\"elementor-heading-title elementor-size-default\">ES projektai<\/h2>\t\t\t\t<\/div>\n\t\t\t\t<\/div>\n\t\t\t\t\t<\/div>\n\t\t<\/div>\n\t\t\t\t<div class=\"elementor-column elementor-col-50 elementor-top-column elementor-element elementor-element-c641149\" data-id=\"c641149\" data-element_type=\"column\">\n\t\t\t<div class=\"elementor-widget-wrap elementor-element-populated\">\n\t\t\t\t\t\t<div class=\"elementor-element elementor-element-1c90a58 elementor-widget-tablet__width-initial elementor-widget elementor-widget-image\" data-id=\"1c90a58\" data-element_type=\"widget\" data-widget_type=\"image.default\">\n\t\t\t\t<div class=\"elementor-widget-container\">\n\t\t\t\t\t\t\t\t\t\t\t\t\t\t\t<img decoding=\"async\" width=\"300\" height=\"72\" src=\"https:\/\/qualider.com\/wp-content\/uploads\/2025\/01\/LT_Co-fundedbytheEU_RGB_POS9.png\" class=\"attachment-medium size-medium wp-image-689\" alt=\"\" srcset=\"https:\/\/qualider.com\/wp-content\/uploads\/2025\/01\/LT_Co-fundedbytheEU_RGB_POS9.png 400w, https:\/\/qualider.com\/wp-content\/uploads\/2025\/01\/LT_Co-fundedbytheEU_RGB_POS9-300x69.png 300w, https:\/\/qualider.com\/wp-content\/uploads\/2025\/01\/LT_Co-fundedbytheEU_RGB_POS9-18x4.png 18w\" sizes=\"(max-width: 300px) 100vw, 300px\" \/>\t\t\t\t\t\t\t\t\t\t\t\t\t\t\t<\/div>\n\t\t\t\t<\/div>\n\t\t\t\t\t<\/div>\n\t\t<\/div>\n\t\t\t\t\t<\/div>\n\t\t<\/section>\n\t\t\t\t<section class=\"elementor-section elementor-top-section elementor-element elementor-element-429dfdc elementor-section-full_width elementor-section-height-default elementor-section-height-default elementor-invisible\" data-id=\"429dfdc\" data-element_type=\"section\" data-settings=\"{&quot;background_background&quot;:&quot;classic&quot;,&quot;animation&quot;:&quot;slideInUp&quot;}\">\n\t\t\t\t\t\t<div class=\"elementor-container elementor-column-gap-default\">\n\t\t\t\t\t<div class=\"elementor-column elementor-col-100 elementor-top-column elementor-element elementor-element-4564ed7\" data-id=\"4564ed7\" data-element_type=\"column\">\n\t\t\t<div class=\"elementor-widget-wrap elementor-element-populated\">\n\t\t\t\t\t\t<div class=\"elementor-element elementor-element-59be7eb elementor-widget elementor-widget-text-editor\" data-id=\"59be7eb\" data-element_type=\"widget\" data-widget_type=\"text-editor.default\">\n\t\t\t\t<div class=\"elementor-widget-container\">\n\t\t\t\t\t\t\t\t\t<p><span style=\"font-weight: bolder;\">UAB QUALIDER\u00a0<\/span>vykdo bendrai su ES finansuojam\u0105 skaitmeninimo projekt\u0105.<\/p><p><span style=\"font-weight: bolder;\">Projekto tikslas<\/span>\u00a0yra E. pardavimo sandori\u0173 sudarymo ir sprendim\u0173 diegimas. Elektronin\u0117s parduotuv\u0117s k\u016brimas yra skirtas atsakyti \u012f \u0161iuolaikinius vartotoj\u0173 poreikius, l\u016bkes\u010dius ir pritraukti daugiau klient\u0173. Vykdydama \u0161\u012f projekt\u0105, UAB \u201cQualider\u201d gali ne tik i\u0161laikyti\nsavo pozicij\u0105 technologij\u0173 srityje, bet ir stiprinti savo reputacij\u0105 kaip inovatori\u0161ka ir klient\u0173 poreikius atitinkanti \u012fmon\u0117.<\/p><p><span style=\"font-family: var( --e-global-typography-text-font-family ), Sans-serif; font-weight: var( --e-global-typography-text-font-weight ); font-size: 1rem;\">Projektas prad\u0117tas 2024 m. gegu\u017e\u0117s 31 d. ir bus \u012fgyvendintas iki 2025 m. gruod\u017eio 31 d.<\/span><\/p><p>Bendra projekto vert\u0117 49500 Eur, i\u0161 kuri\u0173 24750 Eur skirta i\u0161 Europos regionin\u0117s pl\u0117tros.<\/p><p style=\"text-align: left;\">Tel: + 370 52760307<\/p>\t\t\t\t\t\t\t\t<\/div>\n\t\t\t\t<\/div>\n\t\t\t\t\t<\/div>\n\t\t<\/div>\n\t\t\t\t\t<\/div>\n\t\t<\/section>\n\t\t\t\t<\/div>","protected":false},"excerpt":{"rendered":"<p>ES projects UAB QUALIDER\u00a0is implementing a digitalisation project co-financed by the EU. The goal of the project\u00a0is the conclusion of e-sales transactions and the implementation of solutions. The creation of an electric store is designed to respond to modern consumer needs, expectations and attract more customers. As part of this project, JSC &#8220;Qualider&#8221; can not [&hellip;]<\/p>","protected":false},"author":1,"featured_media":0,"parent":0,"menu_order":0,"comment_status":"closed","ping_status":"closed","template":"","meta":{"footnotes":""},"class_list":["post-685","page","type-page","status-publish","hentry"],"_links":{"self":[{"href":"https:\/\/qualider.com\/lt\/wp-json\/wp\/v2\/pages\/685","targetHints":{"allow":["GET"]}}],"collection":[{"href":"https:\/\/qualider.com\/lt\/wp-json\/wp\/v2\/pages"}],"about":[{"href":"https:\/\/qualider.com\/lt\/wp-json\/wp\/v2\/types\/page"}],"author":[{"embeddable":true,"href":"https:\/\/qualider.com\/lt\/wp-json\/wp\/v2\/users\/1"}],"replies":[{"embeddable":true,"href":"https:\/\/qualider.com\/lt\/wp-json\/wp\/v2\/comments?post=685"}],"version-history":[{"count":41,"href":"https:\/\/qualider.com\/lt\/wp-json\/wp\/v2\/pages\/685\/revisions"}],"predecessor-version":[{"id":1512,"href":"https:\/\/qualider.com\/lt\/wp-json\/wp\/v2\/pages\/685\/revisions\/1512"}],"wp:attachment":[{"href":"https:\/\/qualider.com\/lt\/wp-json\/wp\/v2\/media?parent=685"}],"curies":[{"name":"wp","href":"https:\/\/api.w.org\/{rel}","templated":true}]}}