{"id":3,"date":"2023-10-18T15:16:52","date_gmt":"2023-10-18T15:16:52","guid":{"rendered":"https:\/\/qualider.com\/?page_id=3"},"modified":"2025-05-26T16:53:24","modified_gmt":"2025-05-26T13:53:24","slug":"privacy-policy","status":"publish","type":"page","link":"https:\/\/qualider.com\/lt\/privacy-policy\/","title":{"rendered":"Privatumo politika"},"content":{"rendered":"<div data-elementor-type=\"wp-page\" data-elementor-id=\"3\" class=\"elementor elementor-3\" data-elementor-post-type=\"page\">\n\t\t\t\t\t\t<section class=\"elementor-section elementor-top-section elementor-element elementor-element-dd8f9ed elementor-section-full_width elementor-section-height-default elementor-section-height-default\" data-id=\"dd8f9ed\" data-element_type=\"section\">\n\t\t\t\t\t\t<div class=\"elementor-container elementor-column-gap-default\">\n\t\t\t\t\t<div class=\"elementor-column elementor-col-100 elementor-top-column elementor-element elementor-element-2456ab6\" data-id=\"2456ab6\" data-element_type=\"column\">\n\t\t\t<div class=\"elementor-widget-wrap elementor-element-populated\">\n\t\t\t\t\t\t<div class=\"elementor-element elementor-element-cfa65e6 elementor-widget elementor-widget-heading\" data-id=\"cfa65e6\" data-element_type=\"widget\" data-widget_type=\"heading.default\">\n\t\t\t\t<div class=\"elementor-widget-container\">\n\t\t\t\t\t<h2 class=\"elementor-heading-title elementor-size-default\">SUSIPA\u017dINKITE SU M\u016aS\u0172 POLITIKA<\/h2>\t\t\t\t<\/div>\n\t\t\t\t<\/div>\n\t\t\t\t\t<\/div>\n\t\t<\/div>\n\t\t\t\t\t<\/div>\n\t\t<\/section>\n\t\t\t\t<section class=\"elementor-section elementor-top-section elementor-element elementor-element-114a50e0 elementor-hidden-desktop elementor-hidden-tablet elementor-hidden-mobile elementor-section-boxed elementor-section-height-default elementor-section-height-default\" data-id=\"114a50e0\" data-element_type=\"section\">\n\t\t\t\t\t\t<div class=\"elementor-container elementor-column-gap-default\">\n\t\t\t\t\t<div class=\"elementor-column elementor-col-100 elementor-top-column elementor-element elementor-element-34907433\" data-id=\"34907433\" data-element_type=\"column\">\n\t\t\t<div class=\"elementor-widget-wrap elementor-element-populated\">\n\t\t\t\t\t\t<div class=\"elementor-element elementor-element-56bdd0d1 elementor-widget elementor-widget-text-editor\" data-id=\"56bdd0d1\" data-element_type=\"widget\" data-widget_type=\"text-editor.default\">\n\t\t\t\t<div class=\"elementor-widget-container\">\n\t\t\t\t\t\t\t\t\t<h2>Kas mes esame<\/h2>\n<p><!-- \/wp:heading --><!-- wp:paragraph --><\/p>\n<p>UAB \"QUALIDER\"<\/p>\n<p>M\u016bs\u0173 svetain\u0117s adresas yra: https:\/\/qualider.com.<\/p>\n<p><!-- \/wp:paragraph --><!-- wp:heading --><\/p>\n<h2 class=\"wp-block-heading has-medium-font-size\"><strong>1. Koki\u0105 informacij\u0105 renkame?<\/strong><\/h2>\n<p><!-- \/wp:heading --><!-- wp:paragraph --><\/p>\n<p>Mes galime rinkti, saugoti ir naudoti \u0161i\u0173 tip\u0173 informacij\u0105:<\/p>\n<p>\u2013 informacij\u0105 apie j\u016bs\u0173 kompiuter\u012f ir apie j\u016bs\u0173 apsilankymus \u0161ioje svetain\u0117je bei jos naudojim\u0105 (\u012fskaitant j\u016bs\u0173 IP adres\u0105, geografin\u0119 viet\u0105, nar\u0161ykl\u0117s tip\u0105, i\u0161 kur buvote nukreipti, apsilankymo trukm\u0119 ir per\u017ei\u016br\u0117t\u0173 puslapi\u0173 skai\u010di\u0173);<\/p>\n<p>\u2013 informacij\u0105, kuri\u0105 pateikiate mums u\u017esiprenumeruodami m\u016bs\u0173 svetain\u0117s paslaugas, el. pa\u0161to prane\u0161imus ir (arba) naujienlai\u0161kius;<\/p>\n<p>\u2013 bet kokia kita informacija, kuri\u0105 nusprend\u017eiate mums atsi\u0173sti.<\/p>\n<p><!-- \/wp:paragraph --><!-- wp:heading --><\/p>\n<p><!-- \/wp:paragraph --><!-- wp:heading --><\/p>\n<h2 class=\"wp-block-heading has-medium-font-size\"><strong>Slapukai<\/strong><\/h2>\n<p><!-- \/wp:heading --><!-- wp:paragraph --><\/p>\n<p class=\"translation-block\">Slapuk\u0105 sudaro informacija, tinklo tarnybin\u0117s stoties siun\u010diama interneto nar\u0161yklei ir laikoma nar\u0161ykl\u0117s. \u0160i informacija v\u0117liau siun\u010diama atgal tarnybinei sto\u010diai kaskart kai nar\u0161ykl\u0117 papra\u0161o puslapio i\u0161 tos tarnybin\u0117s stoties. Tai leid\u017eia tai tinklo tarnybinei sto\u010diai identifikuoti ir sekti interneto nar\u0161ykl\u0119. Mes naudojame Google Analytics naudojimuisi \u0161ia interneto svetaine analizuoti. Google Analytics generuoja statistin\u0119 ir kit\u0105 informacij\u0105 apie naudojim\u0105si svetaine panaudodama slapukus, kurie laikomi vartotoj\u0173 kompiuteriuose. Generuojama su m\u016bs\u0173 interneto svetaine susijusi informacija yra naudojama kurti ataskaitas apie naudojim\u0105si \u0161ia interneto svetaine. \u0160i\u0105 informacij\u0105 laikys Google. Google privatumo politika prieinama \u010dia: http:\/\/www.google.com\/privacypolicy.html . Pas mus besireklamuojantieji arba mok\u0117jimo paslaug\u0173 teik\u0117jai irgi gali si\u0173sti Jums slapukus. Savo interneto svetain\u0117je mes skelbiame Google Adsense interesais paremtas reklamas. Jas taip, kad atspind\u0117t\u0173 J\u016bs\u0173 interesus, parenka Google. Kad nustatyt\u0173 J\u016bs\u0173 interesus, Google seks J\u016bs\u0173 elges\u012f internete naudodama slapukus. J\u016bs galite per\u017ei\u016br\u0117ti, i\u0161trinti ir prid\u0117ti interes\u0173 kategorijas, susietas su J\u016bs\u0173 nar\u0161ykle, naudodami Google bendrov\u0117s Ads Preference Manager, kur\u012f galima rasti adresu http:\/\/www.google.com\/ads\/preferences\/. J\u016bs galite atsisakyti Adsense partneri\u0173 tinklo slapuko adresu http:\/\/www.google.com\/privacy_ads.html . Ta\u010diau \u0161iame atsisakymo mechanizme naudojamas slapukas, ir jeigu J\u016bs i\u0161trinsite slapukus i\u0161 savo kompiuterio, tai J\u016bs\u0173 atsisakymas nebus i\u0161saugotas. Kad u\u017esitikrintum\u0117te, jog atsisakymas b\u016bt\u0173 i\u0161saugotas konkre\u010diai nar\u0161yklei, tur\u0117tum\u0117te naudoti Google nar\u0161ykl\u0117s \u012fskiep\u012f, kur\u012f galima rasti adresu http:\/\/www.google.com\/ads\/preferences\/plugin . Dauguma nar\u0161ykli\u0173 leid\u017eia Jums nepriimti joki\u0173 slapuk\u0173, nors tam tikros nar\u0161ykl\u0117s leid\u017eia Jums nepriimti tik tre\u010di\u0173j\u0173 \u0161ali\u0173 slapuk\u0173. Pavyzd\u017eiui, Internet Explorer nar\u0161ykl\u0117je galite atsisakyti vis\u0173 slapuk\u0173 spausdami \u201eTools\u201c &gt; \u201eInternet Options\u201c &gt; \u201ePrivacy\u201c ir pasirinkdami \u201eBlock all cookies\u201c (tai daroma paslenkant perjungikl\u012f). Ta\u010diau vis\u0173 slapuk\u0173 blokavimas tur\u0117s neigiam\u0105 \u012ftak\u0105 galimybei naudotis daugeliu interneto svetaini\u0173, \u012fskaitant \u0161i\u0105.<\/p>\n<p><!-- \/wp:paragraph --><!-- wp:heading --><\/p>\n<h2 class=\"wp-block-heading has-medium-font-size\"><strong>J\u016bs\u0173 asmenini\u0173 duomen\u0173 naudojimas<\/strong><\/h2>\n<p><!-- \/wp:heading --><!-- wp:paragraph --><\/p>\n<p>Asmeniniai duomenys, pateikti \u0161ioje interneto svetain\u0117je, bus naudojami tikslams, nurodytiems \u0161ioje privatumo politikoje arba aktualiose \u0161ios interneto svetain\u0117s dalyse. Mes galime naudoti j\u016bs\u0173 asmenin\u0119 informacij\u0105 \u0161iems tikslams:<\/p>\n<p>Interneto svetainei administruoti;<\/p>\n<p>\u2022 J\u016bs\u0173 nar\u0161ymo patir\u010diai gerinti, pritaikydami \u0161i\u0105 interneto svetain\u0119 asmeniniams poreikiams;<\/p>\n<p>\u2022 turint J\u016bs\u0173 sutikim\u0105 si\u0173sti Jums el. pa\u0161tu m\u016bs\u0173 naujienlai\u0161k\u012f, kuris, m\u016bs\u0173 manymu, gali b\u016bti Jums \u012fdomus (J\u016bs galite bet kada informuoti mus, jeigu nebenorite, kad naujienlai\u0161kis b\u016bt\u0173 Jums siun\u010diamas);<\/p>\n<p>\u2022 tre\u010diosioms \u0161alims suteikti statistin\u0119 informacij\u0105 apie m\u016bs\u0173 vartotojus, ta\u010diau \u0161i informacija nebus naudojama jokiam atskiram vartotojui identifikuoti;<\/p>\n<p>Be ai\u0161kaus j\u016bs\u0173 sutikimo mes neteiksime j\u016bs\u0173 asmenini\u0173 duomen\u0173 jokioms tre\u010diosioms \u0161alims tiesiogin\u0117s rinkodaros tikslais.<\/p>\n<p><!-- \/wp:paragraph --><!-- wp:heading --><\/p>\n<h2 class=\"wp-block-heading has-medium-font-size\"><strong>Politikos pakeitimai<\/strong><\/h2>\n<p><!-- \/wp:heading --><!-- wp:paragraph --><\/p>\n<p>Mes galime retkar\u010diais atnaujinti \u0161i\u0105 privatumo politik\u0105 paskelbdami nauj\u0105 versij\u0105 savo interneto svetain\u0117je. Kartkart\u0117mis J\u016bs tur\u0117tum\u0117te per\u017ei\u016br\u0117ti \u0161\u012f puslap\u012f, kad \u012fsitikintum\u0117te, jog esate patenkintas bet kokiais pasikeitimais.<\/p>\n<p><!-- \/wp:paragraph --><!-- wp:heading --><\/p>\n<h2 class=\"wp-block-heading has-medium-font-size\"><strong>Tre\u010di\u0173j\u0173 \u0161ali\u0173 interneto svetain\u0117s<\/strong><\/h2>\n<p><!-- \/wp:heading --><!-- wp:paragraph --><\/p>\n<p>\u0160ioje interneto svetain\u0117je yra nuorod\u0173 \u012f kitas interneto svetaines. Mes nesame atsakingi u\u017e tre\u010di\u0173j\u0173 \u0161ali\u0173 interneto svetaini\u0173 privatumo politikas ar praktikas.\u00a0\u00a0<\/p>\n<p><!-- \/wp:paragraph --><\/p>\t\t\t\t\t\t\t\t<\/div>\n\t\t\t\t<\/div>\n\t\t\t\t\t<\/div>\n\t\t<\/div>\n\t\t\t\t\t<\/div>\n\t\t<\/section>\n\t\t\t\t<section class=\"elementor-section elementor-top-section elementor-element elementor-element-b4a3252 elementor-section-boxed elementor-section-height-default elementor-section-height-default\" data-id=\"b4a3252\" data-element_type=\"section\">\n\t\t\t\t\t\t<div class=\"elementor-container elementor-column-gap-default\">\n\t\t\t\t\t<div class=\"elementor-column elementor-col-100 elementor-top-column elementor-element elementor-element-102eb86\" data-id=\"102eb86\" data-element_type=\"column\">\n\t\t\t<div class=\"elementor-widget-wrap elementor-element-populated\">\n\t\t\t\t\t\t<div class=\"elementor-element elementor-element-8d16545 elementor-widget elementor-widget-html\" data-id=\"8d16545\" data-element_type=\"widget\" data-widget_type=\"html.default\">\n\t\t\t\t<div class=\"elementor-widget-container\">\n\t\t\t\t\t<p><span>\u012esigaliojimo data 2025 m. gegu\u017e\u0117s 01 d.<\/span> <br>\n<span>Paskutin\u012f kart\u0105 atnaujinta 2025 m. gegu\u017e\u0117s 01 d.<\/span>\n<\/p>\n<br>\n<p class=\"privacy-policy-p\">\n    \u0160ioje privatumo politikoje apra\u0161omos\n\n    Qualider, UAB, \u012fmon\u0117s kodas 303049443 registruotos adresu:\n    Slu\u0161k\u0173 g. 3-9, Vilnius,\n Vilniaus apskritis\n LT-01100,\n Lietuva,\n el. pa\u0161tas: info@qualider.com,\n tel: +37052760307\n\n  nuostatos d\u0117l j\u016bs\u0173 informacijos, kuri\u0105 renkame\n jums naudojantis m\u016bs\u0173 interneto svetaine ( https:\/\/qualider.com )\n (toliau - Paslauga), rinkimo,\n naudojimo ir atskleidimo. Prisijungdami prie\n arba naudodamiesi\n Paslauga, j\u016bs sutinkate, kad j\u016bs\u0173 informacija b\u016bt\u0173 renkama, naudojama ir\n atskleid\u017eiama pagal \u0161i\u0105\n privatumo politik\u0105. Jei su tuo nesutinkate,\n pra\u0161ome nesijungti prie Paslaugos ir ja nesinaudoti.\n<\/p>\n\n<p class=\"privacy-policy-p\">\n    \u0160i\u0105 privatumo politik\u0105 galime keisti bet kuriuo metu be\n    ir paskelbsime pakeist\u0105\n    privatumo politik\u0105 Paslaugoje. Pakeistoje Politikoje bus\n    \u012fsigalioja po 180 dien\u0173 nuo tos dienos, kai\n    patikslinta Politika bus paskelbta Paslaugoje ir j\u016bs\u0173\n    po \u0161io laiko toliau naudotis Paslauga arba naudotis ja\n    bus laikoma, kad sutinkate su pakeistomis Privatumo taisykl\u0117mis.\n    politik\u0105. Tod\u0117l rekomenduojame periodi\u0161kai\n    per\u017ei\u016br\u0117ti \u0161\u012f puslap\u012f.\n<\/p>\n\n<ol class=\"privacy-policy-ol\">\n        <br>\n        <h2 class=\"privacy-policy-h2\">\n            1. M\u016bs\u0173 renkama informacija:\n        <\/h2>\n\n        \n        <p class=\"privacy-policy-p\">\n            Renkame ir apdorojame \u0161iuos duomenis\n            asmenin\u0119 informacij\u0105 apie jus:\n        <\/p>\n        <ol class=\"privacy-policy-ol\">\n            \n            1. Informacija apie j\u016bs\u0173 kompiuter\u012f, apsilankymus \u0161ioje svetain\u0117je ir naudojim\u0105si ja (\u012fskaitant j\u016bs\u0173 IP adres\u0105, geografin\u0119 viet\u0105, nar\u0161ykl\u0117s tip\u0105, i\u0161 kur buvote nukreiptas, apsilankymo trukm\u0119 ir per\u017ei\u016br\u0117t\u0173 puslapi\u0173 skai\u010di\u0173);\n<br>\n2. Informacija, kuri\u0105 mums pateikiate nor\u0117dami u\u017esisakyti m\u016bs\u0173 svetain\u0117s paslaugas, el. pa\u0161to prane\u0161imus ir (arba) naujienlai\u0161kius;\n<br>\n3. Bet kokia kita informacija, kuri\u0105 norite mums atsi\u0173sti.\n\n\n\n                                       \n        <\/ol>\n        \n\n        \n<br>\n\n\n    \n     \n        <h2 class=\"privacy-policy-h2\">\n            2. Kaip renkame j\u016bs\u0173 informacij\u0105:\n        <\/h2>\n        <p class=\"privacy-policy-p\">\n            Renkame ir (arba) gauname informacij\u0105 apie jus\n            toliau nurodytais b\u016bdais:\n        <\/p>\n        <ol class=\"privacy-policy-ol\">\n\n                        <li>Kai naudotojas u\u017epildo registracijos form\u0105 arba kitaip pateikia asmenin\u0119 informacij\u0105.<\/li>\n            <li>S\u0105veikauja su svetaine<\/li>\n            \n                        <li>I\u0161 vie\u0161\u0173j\u0173 \u0161altini\u0173<\/li>\n            \n        <\/ol>\n\n\n    \n\n        <br>\n        <h2 class=\"privacy-policy-h2\">\n            3. Kaip mes naudojame j\u016bs\u0173 informacij\u0105:\n        <\/h2>\n        <p class=\"privacy-policy-p\">\n            Naudosime surinkt\u0105 informacij\u0105\n            apie jus \u0161iais tikslais:\n        <\/p>\n        <ol class=\"privacy-policy-ol\">\n\n                        <li>Rinkodara \/ reklamin\u0117 veikla<\/li>\n            \n                        <li>Naudotojo paskyros k\u016brimas<\/li>\n            \n                        <li>Atsiliepimai<\/li>\n            \n            \n                        <li>\u012egyvendinti Pirkimo s\u0105lygoms<\/li>\n            \n                        <li>Mok\u0117jimo apdorojimas<\/li>\n            \n                        <li>Klient\u0173 aptarnavimas<\/li>\n            \n                        <li>Administracin\u0117 informacija<\/li>\n            \n            \n                        <li>Tvarkyti klient\u0173 u\u017esakymus<\/li>\n            \n                        <li>Svetain\u0117s apsauga<\/li>\n            \n            \n                        <li>Gin\u010d\u0173 sprendimas<\/li>\n            \n                        <li>Naudotojo paskyros tvarkymas<\/li>\n                                                      <li>Nar\u0161ymo patirties tobulinimas ir personalizavimas<\/li>\n                                      <li>Vartotojo statistin\u0117s informacijos rinkimas tre\u010diosioms \u0161alims (be asmens duomen\u0173)<\/li>\n            \n        <\/ol>\n        <br>\n        <p class=\"privacy-policy-p\">\n            Be j\u016bs\u0173 ai\u0161kaus sutikimo neteiksime j\u016bs\u0173 asmens duomen\u0173 tre\u010diosioms \u0161alims tiesiogin\u0117s rinkodaros tikslais. Jei norime naudoti j\u016bs\u0173 informacij\u0105 bet kokiais kitais tikslais.\n            tikslu, papra\u0161ysime j\u016bs\u0173 sutikimo ir\n            naudosime j\u016bs\u0173 informacij\u0105 tik gav\u0119 j\u016bs\u0173\n            sutikim\u0105 ir tik tuo tikslu (-ais), kuriam (-iems)\n            kuriems duotas sutikimas, i\u0161skyrus atvejus, kai privalome tai daryti\n            kitaip pagal \u012fstatymus.\n        <\/p>\n\n    \n    <br>\n    \n        <h2 class=\"privacy-policy-h2\">\n            4. Kaip dalijam\u0117s j\u016bs\u0173 informacija:\n        <\/h2>\n\n\n                <p class=\"privacy-policy-p\">\n            Mes neperduosime j\u016bs\u0173 asmenin\u0117s informacijos\n            jokiai tre\u010diajai \u0161aliai be j\u016bs\u0173 sutikimo,\n            i\u0161skyrus ribotas aplinkybes, kaip apra\u0161yta\n            toliau:\n        <\/p>\n        <ol class=\"privacy-policy-ol\">\n            \n            \n            \n            \n      \n            \n            \n                    <\/ol>\n        \n        <p class=\"privacy-policy-p\">\n            Analiz\u0117s tikslais: Mes reikalaujame, kad tokios tre\u010diosios \u0161alys naudot\u0173\n            asmenin\u0119 informacij\u0105, kuri\u0105 joms perduodame, tik\n            tuo tikslu, kuriuo ji buvo perduota, ir\n            nelaikyti jos ilgiau, nei to reikia\n            min\u0117tam tikslui pasiekti.\n        <\/p>\n        <p class=\"privacy-policy-p\">\n            Taip pat galime atskleisti j\u016bs\u0173 asmenin\u0119 informacij\u0105\n            \u0161iais tikslais: (1) kad laikytum\u0117m\u0117s galiojan\u010di\u0173 reikalavim\u0173\n            \u012fstatym\u0173, kit\u0173 teis\u0117s akt\u0173, teismo \u012fsakym\u0173 ar kit\u0173 teisini\u0173\n            proceso; (2) siekiant u\u017etikrinti j\u016bs\u0173 sutar\u010di\u0173 su mumis vykdym\u0105,\n            \u012fskaitant \u0161i\u0105 privatumo politik\u0105; arba (3) reaguoti \u012f\n            \u012f pretenzijas, kad j\u016bs\u0173 naudojimasis Paslauga pa\u017eeid\u017eia\n            tre\u010diosios \u0161alies teises. Jei Paslauga arba m\u016bs\u0173\n            bendrov\u0117 susijungia arba yra \u012fsigyjama su kita\n            bendrov\u0119, j\u016bs\u0173 informacija bus viena i\u0161\n            turto, kuris perduodamas naujajam savininkui.\n        <\/p>\n\n    \n\n    <br>\n        <h2 class=\"privacy-policy-h2\">\n            5. J\u016bs\u0173 informacijos saugojimas:\n        <\/h2>\n        <p class=\"privacy-policy-p\">\n            J\u016bs\u0173 asmenin\u0119 informacij\u0105 saugosime pas mus\n            .\n                        nuo 90 dien\u0173 iki 2 met\u0173 po to, kai naudotojo paskyros lieka nenaudojamos\n                        arba tiek, kiek\n            tol, kol mums jos reikia, kad \u012fvykdytume tikslus, d\u0117l kuri\u0173\n            kuriems ji buvo surinkta, kaip i\u0161samiai apra\u0161yta \u0161iame\n            Privatumo politikoje. Mums gali prireikti saugoti tam tikrus\n            informacij\u0105 ilgesn\u012f laik\u0105, pvz.\n            \u012fra\u0161\u0173 ir (arba) ataskait\u0173 tvarkymui pagal\n            taikytinus \u012fstatymus arba d\u0117l kit\u0173 teis\u0117t\u0173 prie\u017eas\u010di\u0173.\n            pavyzd\u017eiui, teisini\u0173 teisi\u0173 \u012fgyvendinimo, suk\u010diavimo\n            prevencija ir pan. Likusi anonimin\u0117 informacija\n            ir apibendrinta informacija, i\u0161 kuri\u0173 n\u0117 viena\n            jus identifikuoja (tiesiogiai ar netiesiogiai), gali b\u016bti\n            saugoma neribot\u0105 laik\u0105.\n        <\/p>\n    \n    <br>\n\n        <h2 class=\"privacy-policy-h2\">\n            6. J\u016bs\u0173 teis\u0117s:\n        <\/h2>\n        <p class=\"privacy-policy-p\">\n            Priklausomai nuo taikomo \u012fstatymo, jums gali tekti\n            teis\u0119 gauti prieig\u0105 ir i\u0161taisyti arba i\u0161trinti savo\n            asmens duomenis arba gauti savo asmens duomen\u0173 kopij\u0105.\n            duomenis, apriboti arba nesutikti su aktyviu\n            duomen\u0173 tvarkymui, pra\u0161yti, kad dalytum\u0117m\u0117s (perkeltume)\n            j\u016bs\u0173 asmenin\u0119 informacij\u0105 kitam subjektui,\n            at\u0161aukti bet kok\u012f sutikim\u0105, kur\u012f mums dav\u0117te\n            tvarkyti j\u016bs\u0173 duomenis, teis\u0119 pateikti skund\u0105\n            teis\u0117s aktuose numatytai institucijai ir kitas teises\n            kurios gali b\u016bti svarbios pagal galiojan\u010dius \u012fstatymus. Adresu\n            pasinaudoti \u0161iomis teis\u0117mis, galite ra\u0161yti mums adresu\n            info@qualider.com.\n            Mes atsakysime \u012f j\u016bs\u0173\n            pra\u0161ym\u0105 pagal galiojan\u010dius \u012fstatymus.\n        <\/p>\n\n        \n        <p class=\"privacy-policy-p\">\n            Atkreipkite d\u0117mes\u012f, kad jei neleid\u017eiate mums rinkti\n            ar tvarkyti reikalaujam\u0105 asmenin\u0119 informacij\u0105 arba\n            at\u0161auksite sutikim\u0105 j\u0105 tvarkyti\n            reikalaujamais tikslais, gali b\u016bti, kad negal\u0117site pasiekti\n            arba naudotis paslaugomis, d\u0117l kuri\u0173 j\u016bs\u0173 informacija\n            buvo pra\u0161oma pateikti informacij\u0105.\n        <\/p>\n\n    <br>\n        <h2 class=\"privacy-policy-h2\">\n            7. Slapukai ir kt.\n        <\/h2>\n        <p class=\"privacy-policy-p\">\n\n            \n            Nor\u0117dami su\u017einoti daugiau apie tai, kaip naudojame slapukus\n            ir j\u016bs\u0173 pasirinkimus, susijusius su \u0161iais ir kitais sekimo b\u016bdais\n            technologijas, skaitykite m\u016bs\u0173\n            <a href=\"https:\/\/qualider.com\/lt\/cookie-policy\/\">Slapuk\u0173 politik\u0105.<\/a>\n        <\/p>\n    \n    <br>\n    \n        <h2 class=\"privacy-policy-h2\">\n            8. Saugumas:\n        <\/h2>\n        <p class=\"privacy-policy-p\">\n            J\u016bs\u0173 informacijos saugumas yra svarbus\n            ir mes naudosime pagr\u012fstas saugumo priemones.\n            u\u017ekirsti keli\u0105 praradimui, netinkamam naudojimui ar neleistinam\n            j\u016bs\u0173 informacijos keitimo pagal m\u016bs\u0173\n            kontroliuojamos informacijos. Ta\u010diau, atsi\u017evelgdami \u012f b\u016bding\u0105 rizik\u0105, mes\n            negalime garantuoti visi\u0161ko saugumo ir\n            tod\u0117l negalime u\u017etikrinti ar garantuoti\n            bet kokios informacijos, kuri\u0105 mums perduodate, saugumo.\n            ir tai darote savo rizika.\n        <\/p>\n\n\n    <br>\n\n        <h2 class=\"privacy-policy-h2\">\n            9. Atsakingas asmuo skundams \/ duomen\u0173 apsaugai:\n        <\/h2>\n        <p class=\"privacy-policy-p\">\n            Jei turite klausim\u0173 ar abejoni\u0173 d\u0117l\n            j\u016bs\u0173 informacijos tvarkymu, kuri\u0105 galima gauti\n            pas mus, galite ra\u0161yti m\u016bs\u0173 skund\u0173 pareig\u016bnui el. pa\u0161tu\n            Qualider, UAB,\n            Slu\u0161k\u0173 g. 3-9, Vilnius,\n            el. pa\u0161tu: info@qualider.com.\n            J\u016bs\u0173 klausimus spr\u0119sime vadovaudamiesi galiojan\u010diais teis\u0117s aktais. \u0160ioje svetain\u0117je yra nuorod\u0173 \u012f kitas svetaines. Mes neatsakome u\u017e tre\u010di\u0173j\u0173 \u0161ali\u0173 svetaini\u0173 privatumo politik\u0105 ar praktik\u0105. \n        <\/p>\n<\/ol>\n\t\t\t\t<\/div>\n\t\t\t\t<\/div>\n\t\t\t\t\t<\/div>\n\t\t<\/div>\n\t\t\t\t\t<\/div>\n\t\t<\/section>\n\t\t\t\t<\/div>","protected":false},"excerpt":{"rendered":"<p>FIND OUT OUR POLICY Who we are UAB &#8220;QUALIDER&#8221; Our website address is: https:\/\/qualider.com. 1. What information do we collect? We may collect, store and use the following types of information: &#8211; information about your computer and about your visits to and use of this website (including your IP address, geographical location, browser type, where [&hellip;]<\/p>","protected":false},"author":1,"featured_media":0,"parent":0,"menu_order":0,"comment_status":"closed","ping_status":"closed","template":"","meta":{"footnotes":""},"class_list":["post-3","page","type-page","status-publish","hentry"],"_links":{"self":[{"href":"https:\/\/qualider.com\/lt\/wp-json\/wp\/v2\/pages\/3","targetHints":{"allow":["GET"]}}],"collection":[{"href":"https:\/\/qualider.com\/lt\/wp-json\/wp\/v2\/pages"}],"about":[{"href":"https:\/\/qualider.com\/lt\/wp-json\/wp\/v2\/types\/page"}],"author":[{"embeddable":true,"href":"https:\/\/qualider.com\/lt\/wp-json\/wp\/v2\/users\/1"}],"replies":[{"embeddable":true,"href":"https:\/\/qualider.com\/lt\/wp-json\/wp\/v2\/comments?post=3"}],"version-history":[{"count":83,"href":"https:\/\/qualider.com\/lt\/wp-json\/wp\/v2\/pages\/3\/revisions"}],"predecessor-version":[{"id":1495,"href":"https:\/\/qualider.com\/lt\/wp-json\/wp\/v2\/pages\/3\/revisions\/1495"}],"wp:attachment":[{"href":"https:\/\/qualider.com\/lt\/wp-json\/wp\/v2\/media?parent=3"}],"curies":[{"name":"wp","href":"https:\/\/api.w.org\/{rel}","templated":true}]}}