{"id":1322,"date":"2025-05-26T17:31:47","date_gmt":"2025-05-26T14:31:47","guid":{"rendered":"https:\/\/qualider.com\/?page_id=1322"},"modified":"2025-05-26T17:53:27","modified_gmt":"2025-05-26T14:53:27","slug":"return-and-delivery","status":"publish","type":"page","link":"https:\/\/qualider.com\/lt\/return-and-delivery\/","title":{"rendered":"Gr\u0105\u017einimo ir pristatymo politika"},"content":{"rendered":"<div data-elementor-type=\"wp-page\" data-elementor-id=\"1322\" class=\"elementor elementor-1322\" data-elementor-post-type=\"page\">\n\t\t\t\t\t\t<section class=\"elementor-section elementor-top-section elementor-element elementor-element-d8fd952 elementor-section-full_width elementor-section-height-default elementor-section-height-default\" data-id=\"d8fd952\" data-element_type=\"section\">\n\t\t\t\t\t\t<div class=\"elementor-container elementor-column-gap-default\">\n\t\t\t\t\t<div class=\"elementor-column elementor-col-100 elementor-top-column elementor-element elementor-element-cf62216\" data-id=\"cf62216\" data-element_type=\"column\">\n\t\t\t<div class=\"elementor-widget-wrap elementor-element-populated\">\n\t\t\t\t\t\t<div class=\"elementor-element elementor-element-c3207fa elementor-widget elementor-widget-heading\" data-id=\"c3207fa\" data-element_type=\"widget\" data-widget_type=\"heading.default\">\n\t\t\t\t<div class=\"elementor-widget-container\">\n\t\t\t\t\t<h2 class=\"elementor-heading-title elementor-size-default\">SUSIPA\u017dINKITE SU M\u016aS\u0172 POLITIKA<\/h2>\t\t\t\t<\/div>\n\t\t\t\t<\/div>\n\t\t\t\t\t<\/div>\n\t\t<\/div>\n\t\t\t\t\t<\/div>\n\t\t<\/section>\n\t\t\t\t<section class=\"elementor-section elementor-top-section elementor-element elementor-element-96abde1 elementor-section-boxed elementor-section-height-default elementor-section-height-default\" data-id=\"96abde1\" data-element_type=\"section\">\n\t\t\t\t\t\t<div class=\"elementor-container elementor-column-gap-default\">\n\t\t\t\t\t<div class=\"elementor-column elementor-col-100 elementor-top-column elementor-element elementor-element-fc98d2a\" data-id=\"fc98d2a\" data-element_type=\"column\">\n\t\t\t<div class=\"elementor-widget-wrap elementor-element-populated\">\n\t\t\t\t\t\t<div class=\"elementor-element elementor-element-6f880e0 elementor-widget elementor-widget-text-editor\" data-id=\"6f880e0\" data-element_type=\"widget\" data-widget_type=\"text-editor.default\">\n\t\t\t\t<div class=\"elementor-widget-container\">\n\t\t\t\t\t\t\t\t\t<p dir=\"ltr\"><span style=\"font-size: 12pt; font-family: Arial,sans-serif; color: #48515b; background-color: transparent; font-weight: 400; font-style: normal; font-variant: normal; text-decoration: none; vertical-align: baseline; white-space: pre-wrap;\">\u0160ioje gr\u0105\u017einimo ir pristatymo politikoje <\/span>apra\u0161omos sutarties d\u0117l \u012fsigytos prek\u0117s ar paslaugos atsisakymo taisykl\u0117s ir preki\u0173 pristatymo s\u0105lygos, kurias pardav\u0117jas UAB \"Qualider\", kodas 303049443, remdamasis adresu: Slu\u0161k\u0173 g. 3-9, Vilnius, Vilniaus apskritis LT-01100, Lietuva, el. pa\u0161tas: info@qualider.com, tel: +37052760307 sudaro su asmenimis, kurie \u012fsigyja internetin\u0117je parduotuv\u0117je https:\/\/qualider.com parduodamas prekes.<\/p><p dir=\"ltr\" style=\"line-height: 1.38; margin-top: 0pt; margin-bottom: 15pt;\"><span style=\"font-size: 15pt; font-family: Arial,sans-serif; color: #48515b; background-color: transparent; font-weight: bold; font-style: normal; font-variant: normal; text-decoration: none; vertical-align: baseline; white-space: pre-wrap;\">1. Sutarties nutraukimas - gr\u0105\u017einimas<\/span><\/p><p dir=\"ltr\" style=\"line-height: 1.38; margin-top: 0pt; margin-bottom: 12pt;\"><span style=\"font-size: 12pt; font-family: Arial,sans-serif; color: #48515b; background-color: transparent; font-weight: 400; font-style: normal; font-variant: normal; text-decoration: none; vertical-align: baseline; white-space: pre-wrap;\">1.1. Pirk\u0117jas turi teis\u0119 atsisakyti preki\u0173 pirkimo-pardavimo sutarties, sudarytos su <\/span><a style=\"text-decoration: none;\" href=\"https:\/\/qualider.com\/lt\"><span style=\"font-size: 12pt; font-family: Arial,sans-serif; color: #1155cc; background-color: transparent; font-weight: 400; font-style: normal; font-variant: normal; text-decoration: underline; -webkit-text-decoration-skip: none; text-decoration-skip-ink: none; vertical-align: baseline; white-space: pre-wrap;\">qualider.com<\/span><\/a><span style=\"font-size: 12pt; font-family: Arial,sans-serif; color: #48515b; background-color: transparent; font-weight: 400; font-style: normal; font-variant: normal; text-decoration: none; vertical-align: baseline; white-space: pre-wrap;\"> ra\u0161tu (el. pa\u0161tu, nurodant gr\u0105\u017eintin\u0105 prek\u0119 ir jos u\u017esakymo numer\u012f) ne v\u0117liau kaip per 7 (septynias) darbo dienas nuo prek\u0117s pristatymo \/ atsi\u0117mimo dienos, i\u0161skyrus atvejus, kai sutartis sudaryta d\u0117l:<\/span><\/p><p dir=\"ltr\" style=\"line-height: 1.38; margin-top: 0pt; margin-bottom: 12pt;\"><span style=\"font-size: 12pt; font-family: Arial,sans-serif; color: #48515b; background-color: transparent; font-weight: 400; font-style: normal; font-variant: normal; text-decoration: none; vertical-align: baseline; white-space: pre-wrap;\">1.2. Taisykli\u0173 1.1. punkte numatyta pirk\u0117jo teis\u0117 \u012fgyvendinama vadovaujantis Preki\u0173 pardavimo ir paslaug\u0173 teikimo, kai sutartys sudaromos naudojant ry\u0161io priemones, taisykl\u0117mis, patvirtintomis \u016bkio ministro 2001 m. rugpj\u016b\u010dio 17 d. \u012fsakymu Nr. 258.<\/span><\/p><p dir=\"ltr\" style=\"line-height: 1.38; margin-top: 0pt; margin-bottom: 12pt;\"><span style=\"font-size: 12pt; font-family: Arial,sans-serif; color: #48515b; background-color: transparent; font-weight: 400; font-style: normal; font-variant: normal; text-decoration: none; vertical-align: baseline; white-space: pre-wrap;\">1.3. Pirk\u0117jas gali pasinaudoti 1.1. punkte numatyta teise tik tuo atveju, jei prek\u0117s nebuvo sugadintos ar i\u0161 esm\u0117s pakeista j\u0173 i\u0161vaizda ir jos nebuvo naudojamos.<\/span><\/p><p dir=\"ltr\" style=\"line-height: 1.38; margin-top: 0pt; margin-bottom: 12pt;\"><span style=\"font-size: 12pt; font-family: Arial,sans-serif; color: #48515b; background-color: transparent; font-weight: 400; font-style: normal; font-variant: normal; text-decoration: none; vertical-align: baseline; white-space: pre-wrap;\">1.4. Jei Pirk\u0117jas <\/span><a style=\"text-decoration: none;\" href=\"https:\/\/qualider.com\/lt\"><span style=\"font-size: 12pt; font-family: Arial,sans-serif; color: #1155cc; background-color: transparent; font-weight: 400; font-style: normal; font-variant: normal; text-decoration: underline; -webkit-text-decoration-skip: none; text-decoration-skip-ink: none; vertical-align: baseline; white-space: pre-wrap;\">qualider.com<\/span><\/a><span style=\"font-size: 12pt; font-family: Arial,sans-serif; color: #48515b; background-color: transparent; font-weight: 400; font-style: normal; font-variant: normal; text-decoration: none; vertical-align: baseline; white-space: pre-wrap;\"> internetin\u0117je parduotuv\u0117je \u012fsigyja preki\u0173 rinkin\u012f ir nori atsisakyti pirkimo-pardavimo sutarties d\u0117l konkre\u010dios (-i\u0173) prek\u0117s (-i\u0173) pagal Taisykli\u0173 1.1. punkte numatyt\u0105 teis\u0119, privalo gr\u0105\u017einti Pardav\u0117jui vis\u0105 preki\u0173 rinkin\u012f, t. y. Pirk\u0117jas gali pasinaudoti Taisykli\u0173 1.1. punkte numatyta teise tik d\u0117l vis\u0173 rinkinyje esan\u010di\u0173 preki\u0173. Tuo atveju, jei kuri nors rinkinyje esanti prek\u0117 neatitinka Taisykli\u0173 11.4 punkte nustatyt\u0173 reikalavim\u0173 <a href=\"https:\/\/qualider.com\/lt\/terminai-ir-salygos\/\">Pirkimo s\u0105lygos<\/a>, Pardav\u0117jas turi teis\u0119 atsisakyti priimti gr\u0105\u017einam\u0105 preki\u0173 komplekt\u0105.<\/span><\/p><p dir=\"ltr\" style=\"line-height: 1.38; margin-top: 0pt; margin-bottom: 12pt;\"><span style=\"font-size: 12pt; font-family: Arial,sans-serif; color: #48515b; background-color: transparent; font-weight: 400; font-style: normal; font-variant: normal; text-decoration: none; vertical-align: baseline; white-space: pre-wrap;\">1.5. Pirk\u0117jui pasinaudojus \u0161i\u0173 taisykli\u0173 1.1 punkte numatyta teise ir esant 1.3 punkte numatytai s\u0105lygai, Pardav\u0117jas \u012fsipareigoja gr\u0105\u017einti Pirk\u0117jui sumok\u0117tus pinigus per 10 (de\u0161imt) darbo dien\u0173 nuo gr\u0105\u017eint\u0173 preki\u0173 gavimo dienos.<\/span><\/p><p dir=\"ltr\" style=\"line-height: 1.38; margin-top: 0pt; margin-bottom: 15pt;\"><span style=\"font-size: 15pt; font-family: Arial,sans-serif; color: #48515b; background-color: transparent; font-weight: bold; font-style: normal; font-variant: normal; text-decoration: none; vertical-align: baseline; white-space: pre-wrap;\">2. Preki\u0173 pristatymas<\/span><\/p><p dir=\"ltr\" style=\"line-height: 1.38; margin-top: 0pt; margin-bottom: 12pt;\"><span style=\"font-size: 12pt; font-family: Arial,sans-serif; color: #48515b; background-color: transparent; font-weight: 400; font-style: normal; font-variant: normal; text-decoration: none; vertical-align: baseline; white-space: pre-wrap;\">2.1. Pirk\u0117jas, u\u017esakydamas Prekes, gali pasirinkti Preki\u0173 pristatymo b\u016bd\u0105, t. y. pasinaudoti Pardav\u0117jo siunt\u0173 pristatymo paslauga arba atsiimti Prekes viename i\u0161 Lietuvos pa\u0161to skyri\u0173 ar Pardav\u0117jo preki\u0173 atsi\u0117mimo vietoje.<\/span><\/p><p dir=\"ltr\" style=\"line-height: 1.38; margin-top: 0pt; margin-bottom: 12pt;\"><span style=\"font-size: 12pt; font-family: Arial,sans-serif; color: #48515b; background-color: transparent; font-weight: 400; font-style: normal; font-variant: normal; text-decoration: none; vertical-align: baseline; white-space: pre-wrap;\">2.2. Preki\u0173 pristatymas Pirk\u0117jui:<\/span><\/p><p dir=\"ltr\" style=\"line-height: 1.38; margin-top: 0pt; margin-bottom: 12pt;\"><span style=\"font-size: 12pt; font-family: Arial,sans-serif; color: #48515b; background-color: transparent; font-weight: 400; font-style: normal; font-variant: normal; text-decoration: none; vertical-align: baseline; white-space: pre-wrap;\">2.2.1. Pirk\u0117jas, u\u017esakymo metu pasirinkdamas pristatymo paslaug\u0105, \u012fsipareigoja nurodyti tiksli\u0105 pristatymo viet\u0105.<\/span><\/p><p dir=\"ltr\" style=\"line-height: 1.38; margin-top: 0pt; margin-bottom: 12pt;\"><span style=\"font-size: 12pt; font-family: Arial,sans-serif; color: #48515b; background-color: transparent; font-weight: 400; font-style: normal; font-variant: normal; text-decoration: none; vertical-align: baseline; white-space: pre-wrap;\">2.2.2. Pirk\u0117jas \u012fsipareigoja pats priimti Prekes. Tuo atveju, jei Pirk\u0117jas negali pats priimti Preki\u0173, o Prek\u0117s buvo pristatytos nurodytu adresu ir remiantis kitais Pirk\u0117jo pateiktais duomenimis, Pirk\u0117jas neturi teis\u0117s reik\u0161ti joki\u0173 pretenzij\u0173 Pardav\u0117jui d\u0117l Preki\u0173 pristatymo netinkamam subjektui.<\/span><\/p><p dir=\"ltr\" style=\"line-height: 1.38; margin-top: 0pt; margin-bottom: 12pt;\"><span style=\"font-size: 12pt; font-family: Arial,sans-serif; color: #48515b; background-color: transparent; font-weight: 400; font-style: normal; font-variant: normal; text-decoration: none; vertical-align: baseline; white-space: pre-wrap;\">2.2.3. Prekes pristato Pardav\u0117jas arba jo \u012fgaliotasis atstovas.<\/span><\/p><p dir=\"ltr\" style=\"line-height: 1.38; margin-top: 0pt; margin-bottom: 12pt;\"><span style=\"font-size: 12pt; font-family: Arial,sans-serif; color: #48515b; background-color: transparent; font-weight: 400; font-style: normal; font-variant: normal; text-decoration: none; vertical-align: baseline; white-space: pre-wrap;\">2.2.4. Pristatymo ir (arba) transportavimo mokestis apskai\u010diuojamas atsi\u017evelgiant \u012f pristatymo viet\u0105, preki\u0173 svor\u012f ir \u012f tai, ar Pirk\u0117jas pageidauja naudotis pristatymo paslauga:<\/span><\/p><p dir=\"ltr\" style=\"line-height: 1.38; margin-top: 0pt; margin-bottom: 12pt;\"><span style=\"font-size: 12pt; font-family: Arial,sans-serif; color: #48515b; background-color: transparent; font-weight: 400; font-style: normal; font-variant: normal; text-decoration: none; vertical-align: baseline; white-space: pre-wrap;\">2.3. Preki\u0173 atsi\u0117mimas i\u0161 Pardav\u0117jo surinkimo viet\u0173:<\/span><\/p><p dir=\"ltr\"><span style=\"font-size: 12pt; font-family: Arial,sans-serif; color: #48515b; background-color: transparent; font-weight: 400; font-style: normal; font-variant: normal; text-decoration: none; vertical-align: baseline; white-space: pre-wrap;\">2.3.1. Pirk\u0117jas gali nemokamai atsiimti Prekes i\u0161 Pardav\u0117jo atsi\u0117mimo punkto, esan\u010dio adresu Slu\u0161k\u0173 g. 3-9, Vilnius, Lietuva. <\/span><\/p><p dir=\"ltr\" style=\"line-height: 1.38; margin-top: 0pt; margin-bottom: 12pt;\"><span style=\"font-size: 12pt; font-family: Arial,sans-serif; color: #48515b; background-color: transparent; font-weight: 400; font-style: normal; font-variant: normal; text-decoration: none; vertical-align: baseline; white-space: pre-wrap;\">2.3.2. U\u017esakytos prek\u0117s turi b\u016bti atsiimtos ne v\u0117liau kaip per 3 (tris) darbo dienas nuo Pardav\u0117jo patvirtinimo, kad u\u017esakymas paruo\u0161tas, gavimo momento.<\/span><\/p><p dir=\"ltr\" style=\"line-height: 1.38; margin-top: 0pt; margin-bottom: 12pt;\"><span style=\"font-size: 12pt; font-family: Arial,sans-serif; color: #48515b; background-color: transparent; font-weight: 400; font-style: normal; font-variant: normal; text-decoration: none; vertical-align: baseline; white-space: pre-wrap;\">2.3.3 Prekes gali atsiimti tik u\u017esakym\u0105 pateik\u0119s asmuo arba u\u017esakymo pateikimo metu nurodytas asmuo. Atsiimant Prekes b\u016btina su savimi tur\u0117ti ir Pardav\u0117jo darbuotojui pateikti galiojant\u012f asmens tapatyb\u0117s dokument\u0105 (asmens tapatyb\u0117s kortel\u0119, pas\u0105 arba nauj\u0105 vairuotojo pa\u017eym\u0117jim\u0105).<\/span><\/p><p dir=\"ltr\" style=\"line-height: 1.38; margin-top: 0pt; margin-bottom: 12pt;\"><span style=\"font-size: 12pt; font-family: Arial,sans-serif; color: #48515b; background-color: transparent; font-weight: 400; font-style: normal; font-variant: normal; text-decoration: none; vertical-align: baseline; white-space: pre-wrap;\">2.4. Pardav\u0117jas pristato Prekes Pirk\u0117jui Preki\u0173 apra\u0161ymuose nurodytomis s\u0105lygomis. \u0160ie terminai yra preliminar\u016bs ir netaikomi tais atvejais, kai Pardav\u0117jas neturi preki\u0173 sand\u0117lyje ir Pirk\u0117jui prane\u0161ama apie u\u017esakyt\u0173 preki\u0173 tr\u016bkum\u0105. Pirk\u0117jas taip pat sutinka, kad i\u0161imtiniais atvejais preki\u0173 pristatymas gali v\u0117luoti d\u0117l nenumatyt\u0173, nuo Pardav\u0117jo nepriklausan\u010di\u0173 aplinkybi\u0173. Tokiu atveju Pardav\u0117jas \u012fsipareigoja nedelsdamas susisiekti su Pirk\u0117ju ir susitarti d\u0117l pristatymo s\u0105lyg\u0173.<\/span><\/p><p dir=\"ltr\" style=\"line-height: 1.38; margin-top: 0pt; margin-bottom: 12pt;\"><span style=\"font-size: 12pt; font-family: Arial,sans-serif; color: #48515b; background-color: transparent; font-weight: 400; font-style: normal; font-variant: normal; text-decoration: none; vertical-align: baseline; white-space: pre-wrap;\">2.5. Visais atvejais Pardav\u0117jas atleid\u017eiamas nuo atsakomyb\u0117s u\u017e Preki\u0173 pristatymo termino pa\u017eeidim\u0105, jei Prek\u0117s nepristatomos Pirk\u0117jui arba pristatomos ne laiku d\u0117l Pirk\u0117jo kalt\u0117s arba d\u0117l nuo Pirk\u0117jo nepriklausan\u010di\u0173 aplinkybi\u0173.<\/span><\/p><p dir=\"ltr\" style=\"line-height: 1.38; margin-top: 0pt; margin-bottom: 12pt;\"><span style=\"font-size: 12pt; font-family: Arial,sans-serif; color: #48515b; background-color: transparent; font-weight: 400; font-style: normal; font-variant: normal; text-decoration: none; vertical-align: baseline; white-space: pre-wrap;\">2.6. Preki\u0173 pristatymo Pirk\u0117jui metu Pirk\u0117jas kartu su Pardav\u0117ju arba jo \u012fgaliotu atstovu patikrina siuntos ir Prek\u0117s (-i\u0173) b\u016bkl\u0119 ir pasira\u0161o siuntos perdavimo-pri\u0117mimo akt\u0105. Pirk\u0117jui pasira\u0161ius siuntos perdavimo-pri\u0117mimo dokument\u0105, laikoma, kad siunta perduota tinkamos b\u016bkl\u0117s, Prek\u0117s neturi b\u016bti sugadintos d\u0117l defekt\u0173, i\u0161skyrus gamybos defektus, ir neturi b\u016bti Prek\u0117s (-i\u0173) sud\u0117ties neatitikim\u0173 (toki\u0173, kuriuos galima nustatyti i\u0161ori\u0161kai ap\u017ei\u016brint Prekes). Jei Pirk\u0117jas pastebi, kad pristatytos siuntos pakuot\u0117 yra pa\u017eeista (suglam\u017eyta, sudr\u0117kusi ar kitaip i\u0161ori\u0161kai pa\u017eeista), kad prek\u0117 (-\u0117s) sugadinta (-os) ir (arba) prek\u0117 (-\u0117s) yra netinkamos b\u016bkl\u0117s, Pirk\u0117jas tai pa\u017eymi siuntos perdavimo-pri\u0117mimo dokumente ir, dalyvaujant Pardav\u0117jui ar jo atstovui, sura\u0161o laisvos formos pa\u017eym\u0105 apie siuntos ir (arba) prek\u0117s (-i\u0173) sugadinim\u0105 ir (arba) neatitikim\u0105. Jei Pirk\u0117jas to nepadaro, Pardav\u0117jas atleid\u017eiamas nuo atsakomyb\u0117s prie\u0161 Pirk\u0117j\u0105 d\u0117l preki\u0173 sugadinimo, jei toks sugadinimas atsirado ne d\u0117l gamybos defekto, ir d\u0117l preki\u0173 neatitikimo, jei toks neatitikimas gali b\u016bti nustatytas i\u0161ori\u0161kai ap\u017ei\u016brint prekes.<\/span><\/p><p dir=\"ltr\" style=\"line-height: 1.38; margin-top: 0pt; margin-bottom: 15pt;\"><span style=\"font-size: 15pt; font-family: Arial,sans-serif; color: #48515b; background-color: transparent; font-weight: bold; font-style: normal; font-variant: normal; text-decoration: none; vertical-align: baseline; white-space: pre-wrap;\">3. Galutin\u0117s nuostatos<\/span><\/p><p dir=\"ltr\" style=\"line-height: 1.38; margin-top: 0pt; margin-bottom: 12pt;\"><span style=\"font-size: 12pt; font-family: Arial,sans-serif; color: #48515b; background-color: transparent; font-weight: 400; font-style: normal; font-variant: normal; text-decoration: none; vertical-align: baseline; white-space: pre-wrap;\">3.1. \u0160ios Taisykl\u0117s parengtos vadovaujantis Lietuvos Respublikos teis\u0117s aktais.<\/span><\/p><p dir=\"ltr\" style=\"line-height: 1.38; margin-top: 0pt; margin-bottom: 12pt;\"><span style=\"font-size: 12pt; font-family: Arial,sans-serif; color: #48515b; background-color: transparent; font-weight: 400; font-style: normal; font-variant: normal; text-decoration: none; vertical-align: baseline; white-space: pre-wrap;\">3.2. Santykiams, atsirandantiems pagal \u0161ias Taisykles, taikoma Lietuvos Respublikos teis\u0117.<\/span><\/p><p dir=\"ltr\" style=\"line-height: 1.38; margin-top: 0pt; margin-bottom: 0pt;\"><span style=\"font-size: 12pt; font-family: Arial,sans-serif; color: #48515b; background-color: transparent; font-weight: 400; font-style: normal; font-variant: normal; text-decoration: none; vertical-align: baseline; white-space: pre-wrap;\">3.3. Visi nesutarimai, kylantys d\u0117l \u0161i\u0173 taisykli\u0173 taikymo, sprend\u017eiami derybomis. Nepavykus susitarti, gin\u010dai sprend\u017eiami Lietuvos Respublikos \u012fstatym\u0173 nustatyta tvarka.<\/span><\/p><p><span id=\"docs-internal-guid-b57b277d-7fff-c50e-1c03-4a0cf2186be1\">\u00a0<\/span><\/p>\t\t\t\t\t\t\t\t<\/div>\n\t\t\t\t<\/div>\n\t\t\t\t\t<\/div>\n\t\t<\/div>\n\t\t\t\t\t<\/div>\n\t\t<\/section>\n\t\t\t\t<\/div>","protected":false},"excerpt":{"rendered":"<p>FIND OUT OUR POLICY This Return and Delivery Policy describes the rules of withdrawal from the contract of purchased good and goods delivery conditions which the seller Qualider, UAB, Code 303049443 based on adress: Slu\u0161k\u0173 g. 3-9, Vilnius, Vilnius county LT-01100, Lithuania, email: info@qualider.com, phone: +37052760307 conclude with persons who purchase goods sold in an [&hellip;]<\/p>","protected":false},"author":2,"featured_media":0,"parent":0,"menu_order":0,"comment_status":"closed","ping_status":"closed","template":"","meta":{"footnotes":""},"class_list":["post-1322","page","type-page","status-publish","hentry"],"_links":{"self":[{"href":"https:\/\/qualider.com\/lt\/wp-json\/wp\/v2\/pages\/1322","targetHints":{"allow":["GET"]}}],"collection":[{"href":"https:\/\/qualider.com\/lt\/wp-json\/wp\/v2\/pages"}],"about":[{"href":"https:\/\/qualider.com\/lt\/wp-json\/wp\/v2\/types\/page"}],"author":[{"embeddable":true,"href":"https:\/\/qualider.com\/lt\/wp-json\/wp\/v2\/users\/2"}],"replies":[{"embeddable":true,"href":"https:\/\/qualider.com\/lt\/wp-json\/wp\/v2\/comments?post=1322"}],"version-history":[{"count":8,"href":"https:\/\/qualider.com\/lt\/wp-json\/wp\/v2\/pages\/1322\/revisions"}],"predecessor-version":[{"id":1333,"href":"https:\/\/qualider.com\/lt\/wp-json\/wp\/v2\/pages\/1322\/revisions\/1333"}],"wp:attachment":[{"href":"https:\/\/qualider.com\/lt\/wp-json\/wp\/v2\/media?parent=1322"}],"curies":[{"name":"wp","href":"https:\/\/api.w.org\/{rel}","templated":true}]}}